{"id":1095,"date":"2022-06-24T16:01:07","date_gmt":"2022-06-24T19:01:07","guid":{"rendered":"http:\/\/midiamix.com.br\/editora\/?page_id=1095"},"modified":"2025-10-25T16:51:56","modified_gmt":"2025-10-25T19:51:56","slug":"politica-de-privacidade","status":"publish","type":"page","link":"https:\/\/midiamix.com.br\/editora\/politica-de-privacidade\/","title":{"rendered":"Pol\u00edtica de Privacidade da Midiamix Editora Ltda."},"content":{"rendered":"<p><em><span class=\"notion-enable-hover\" data-token-index=\"0\" data-reactroot=\"\">Documento atualizado em 24 de junho de 2022.<\/span><\/em><\/p>\n<p>A Midiamix Editora Ltda. que atua com servi\u00e7os de edi\u00e7\u00e3o na internet, com sede na Rua Lu\u00eds C\u00e9sar Pannain, 151, CEP 05059-130, S\u00e3o Paulo (SP), inscrita no CNPJ 02.582.192\/0001-17, nesta Pol\u00edtica de Privacidade, explica como utiliza, armazena, compartilha e protege os dados pessoais coletados a partir do uso do website <a href=\"https:\/\/www.midiamix.com.br\">www.midiamix.com.br<\/a> e como os titulares dos dados podem exercer os direitos previstos na legisla\u00e7\u00e3o vigente no Brasil.<\/p>\n<p><strong>1. Legisla\u00e7\u00e3o<\/strong><\/p>\n<p>A Lei Federal n\u00ba 13.709, conhecida como a Lei Geral de Prote\u00e7\u00e3o de Dados (LGPD), publicada no dia 14 de agosto de 2018, disp\u00f5e sobre o tratamento de dados pessoais, inclusive nos meios digitais, por pessoa natural ou por pessoa jur\u00eddica de direito p\u00fablico ou privado, com o objetivo de proteger os direitos fundamentais de liberdade e de privacidade e o livre desenvolvimento da personalidade da pessoa natural.<\/p>\n<p>Conforme esta Lei, considera-se agentes de tratamento aqueles respons\u00e1veis pelo tratamento de dados pessoais separados em controlador e operador. Controlador \u00e9 a pessoa ou a empresa respons\u00e1vel pelo tratamento de dados pessoais. Operador \u00e9 a pessoa ou a empresa que realiza o tratamento de dados pessoais em nome do controlador, seguindo as suas instru\u00e7\u00f5es. Dados pessoais s\u00e3o informa\u00e7\u00f5es relacionadas a pessoa natural identificada ou identific\u00e1vel. E tratamento \u00e9 qualquer opera\u00e7\u00e3o realizada com os dados pessoais de forma automatizada ou n\u00e3o.<\/p>\n<p><strong>2. Controladora<\/strong><\/p>\n<p>A Midiamix Editora Ltda. \u00e9 a controladora dos dados pessoais coletados e atua com servi\u00e7os de edi\u00e7\u00e3o na internet, trabalhando sempre para criar, manter e ampliar o conte\u00fado editorial, visual, interativo, pedag\u00f3gico ou social de seus clientes, sempre adotando op\u00e7\u00f5es tecnol\u00f3gicas que a internet oferece.. Os dados pessoais coletados circulam neste contexto de atua\u00e7\u00e3o com o objetivo criar e\/ou manter site, portal, blog, rede social ou qualquer publica\u00e7\u00e3o digital cuidando de textos, fotos, v\u00eddeos, gr\u00e1ficos e outras m\u00eddias.<\/p>\n<p><strong>3. Usu\u00e1rios<\/strong><\/p>\n<p>Os usu\u00e1rios s\u00e3o clientes da Midiamix Editora Ltda. e\/ou visitantes do website, e seus dados pessoais s\u00e3o coletados sempre que algum servi\u00e7o e\/ou intera\u00e7\u00e3o \u00e9 realizada no website no contexto de atua\u00e7\u00e3o da controladora. Quando o website \u00e9 visitado, quando h\u00e1 alguma intera\u00e7\u00e3o, para solicitar um servi\u00e7o e\/ou quando h\u00e1 envio de alguma mensagem, pode haver o fornecimento de dados pessoais pelo usu\u00e1rio.<\/p>\n<p>A qualquer momento, para exercer o direito sobre seus dados pessoais, os usu\u00e1rios podem contatar a controladora para confirmar e\/ou questionar sobre a utiliza\u00e7\u00e3o de seus dados, solicitar acessos nos termos da legisla\u00e7\u00e3o aplic\u00e1vel e altera\u00e7\u00e3o dos dados armazenados. A exclus\u00e3o dos dados pessoais pode ser solicitada e ser\u00e1 efetivada se atender aos procedimentos administrativos da controladora no exerc\u00edcio de sua atua\u00e7\u00e3o e presta\u00e7\u00e3o de servi\u00e7os, e se n\u00e3o houver pend\u00eancias de responsabilidade que exija o armazenamento dos dados pessoais nos termos da legisla\u00e7\u00e3o vigente.<\/p>\n<p>Os contatos podem ser realizados com mensagens direcionadas para <a href=\"mailto:suporte@midiamix.com.br\">suporte@midiamix.com.br<\/a> e para confirmar a identidade e autenticidade do propriet\u00e1rio dos dados a controladora poder\u00e1 solicitar informa\u00e7\u00f5es adicionais.<\/p>\n<p><strong>4. Dados pessoais<\/strong><\/p>\n<p>Os dados pessoais coletados s\u00e3o recebidos e utilizados para a realiza\u00e7\u00e3o, pela controladora, de servi\u00e7os de edi\u00e7\u00e3o na internet como criar, manter e ampliar o conte\u00fado editorial, visual, interativo, pedag\u00f3gico ou social de seus clientes, sempre adotando op\u00e7\u00f5es tecnol\u00f3gicas que a internet oferece.<\/p>\n<p>Neste contexto de atua\u00e7\u00e3o, com o objetivo realizar servi\u00e7os de edi\u00e7\u00e3o na internet, pode ser solicitado nome da pessoa f\u00edsica ou jur\u00eddica, CPF ou CNPJ, n\u00famero de telefone e de celular para contato, endere\u00e7o de cobran\u00e7a, endere\u00e7o de e-mail, mensagens enviadas.<\/p>\n<p>Quando o website \u00e9 visitado, quando h\u00e1 intera\u00e7\u00e3o, para solicitar um servi\u00e7o e\/ou quando h\u00e1 envio de mensagem, automaticamente, pode haver tamb\u00e9m coleta de endere\u00e7o de IP do seu dispositivo, identifica\u00e7\u00e3o do dispositivo, sistema operacional, geolocaliza\u00e7\u00e3o, atividades de navega\u00e7\u00e3o no website com registro de data e hora, conte\u00fado visualizado, pesquisa realizada e a\u00e7\u00e3o de cliques em links.<\/p>\n<p><strong>5. Utiliza\u00e7\u00e3o dos dados<\/strong><\/p>\n<p>Para realizar os servi\u00e7os de edi\u00e7\u00e3o na internet, a controladora armazena e protege os dados coletados. Sempre que necess\u00e1rio, os dados s\u00e3o recuperados para realizar e dar manuten\u00e7\u00e3o \u00e0 rela\u00e7\u00e3o contratual estabelecida entre controladora e cliente. Por meio de mensagens direcionados a seus respectivos usu\u00e1rios, os dados pessoais s\u00e3o recuperados tamb\u00e9m para comunicar cada etapa dos servi\u00e7os em execu\u00e7\u00e3o, efetuar cobran\u00e7as \u00fanicas e\/ou mensais.<\/p>\n<p>No caso de opera\u00e7\u00f5es internas e administrativas, na resolu\u00e7\u00e3o de problemas, os dados podem ser compartilhados com terceiros, com parceiros, prestadores de servi\u00e7os e outros envolvidos na efetiva\u00e7\u00e3o dos servi\u00e7os oferecidos. No cumprimento de processos regulat\u00f3rios, legais e\/ou judiciais, os dados pessoais tamb\u00e9m podem ser compartilhados com \u00f3rg\u00e3o de aplica\u00e7\u00e3o da lei e\/ou do governo com compet\u00eancia.<\/p>\n<p>A controladora e seus parceiros podem coletar e armazenar de forma autom\u00e1tica os dados pessoais para utiliz\u00e1-los em tecnologias de rastreamento, cookies e outros para otimizar e personalizar a experi\u00eancia de navega\u00e7\u00e3o, direcionar campanhas de marketing e\/ou publicidade, incluindo an\u00fancios veiculados pelo Google Adsense.<\/p>\n<p>Os dados pessoais coletados e utilizados s\u00e3o armazenados durante o tempo necess\u00e1rio para a presta\u00e7\u00e3o dos servi\u00e7os e para manter a rela\u00e7\u00e3o estabelecida entre controladora e cliente, com o objetivo de prestar servi\u00e7os de edi\u00e7\u00e3o na internet. Nos casos n\u00e3o previstos acima, a controladora enviar\u00e1 uma notifica\u00e7\u00e3o com informa\u00e7\u00f5es solicitando seu consentimento sobre a nova finalidade de utiliza\u00e7\u00e3o.<\/p>\n<p><strong>6. Seguran\u00e7a<\/strong><\/p>\n<p>A controladora protege os dados pessoais com o objetivo de reduzir riscos de perda, acesso n\u00e3o autorizado, mau uso, altera\u00e7\u00e3o e divulga\u00e7\u00e3o inadequadas. As medidas de prote\u00e7\u00e3o s\u00e3o f\u00edsicas, t\u00e9cnicas e organizacionais de seguran\u00e7a e incluem firewalls, criptografia de dados, controles de acesso f\u00edsico a servidores e de acesso por senha \u00e0 informa\u00e7\u00e3o.<\/p>\n<p><strong>7. Vig\u00eancia<\/strong><\/p>\n<p>A controladora se compromete em manter vigente esta Pol\u00edtica de Privacidade enquanto atuar na presta\u00e7\u00e3o de servi\u00e7os de edi\u00e7\u00e3o na internet. Entretanto, reserva-se o direito de alterar e\/ou atualizar esta Pol\u00edtica de Privacidade a qualquer momento, publicando nova vers\u00e3o em seu website e informando voc\u00ea para tomar conhecimento e obter novo consentimento.<\/p>\n<a href=\"#\" class=\"cn-revoke-cookie cn-button-inline cn-revoke-inline\" title=\"[ ATUALIZAR MEU CONSENTIMENTO ]\">[ ATUALIZAR MEU CONSENTIMENTO ]<\/a>\n<p><em>Ao clicar neste bot\u00e3o, poder\u00e1 aceitar ou revogar seu consentimento.\u00a0<\/em><\/p>\n","protected":false},"excerpt":{"rendered":"<p>Documento atualizado em 24 de junho de 2022. A Midiamix Editora Ltda. que atua com servi\u00e7os de edi\u00e7\u00e3o na internet, com sede na Rua Lu\u00eds C\u00e9sar Pannain, 151, CEP 05059-130, S\u00e3o Paulo (SP), inscrita no CNPJ 02.582.192\/0001-17, nesta Pol\u00edtica de Privacidade, explica como utiliza, armazena, compartilha e protege os dados pessoais coletados a partir do [&hellip;]<\/p>\n","protected":false},"author":1,"featured_media":0,"parent":0,"menu_order":0,"comment_status":"closed","ping_status":"closed","template":"","meta":{"footnotes":""},"class_list":["post-1095","page","type-page","status-publish","hentry"],"_links":{"self":[{"href":"https:\/\/midiamix.com.br\/editora\/wp-json\/wp\/v2\/pages\/1095","targetHints":{"allow":["GET"]}}],"collection":[{"href":"https:\/\/midiamix.com.br\/editora\/wp-json\/wp\/v2\/pages"}],"about":[{"href":"https:\/\/midiamix.com.br\/editora\/wp-json\/wp\/v2\/types\/page"}],"author":[{"embeddable":true,"href":"https:\/\/midiamix.com.br\/editora\/wp-json\/wp\/v2\/users\/1"}],"replies":[{"embeddable":true,"href":"https:\/\/midiamix.com.br\/editora\/wp-json\/wp\/v2\/comments?post=1095"}],"version-history":[{"count":5,"href":"https:\/\/midiamix.com.br\/editora\/wp-json\/wp\/v2\/pages\/1095\/revisions"}],"predecessor-version":[{"id":1115,"href":"https:\/\/midiamix.com.br\/editora\/wp-json\/wp\/v2\/pages\/1095\/revisions\/1115"}],"wp:attachment":[{"href":"https:\/\/midiamix.com.br\/editora\/wp-json\/wp\/v2\/media?parent=1095"}],"curies":[{"name":"wp","href":"https:\/\/api.w.org\/{rel}","templated":true}]}}